{"id":21,"date":"2020-12-08T03:53:12","date_gmt":"2020-12-08T03:53:12","guid":{"rendered":"https:\/\/gaviaspreview.com\/wp\/sominx\/?page_id=21"},"modified":"2025-08-29T15:43:49","modified_gmt":"2025-08-29T18:43:49","slug":"about","status":"publish","type":"page","link":"http:\/\/grupoesocial.com.br\/novosite\/about\/","title":{"rendered":"Sobre n\u00f3s"},"content":{"rendered":"\t\t<div data-elementor-type=\"wp-page\" data-elementor-id=\"21\" class=\"elementor elementor-21\">\n\t\t\t\t\t\t<section class=\"elementor-section elementor-top-section elementor-element elementor-element-71c975b elementor-section-full_width elementor-section-height-default elementor-section-height-default\" data-id=\"71c975b\" data-element_type=\"section\" data-settings=\"{&quot;background_background&quot;:&quot;slideshow&quot;,&quot;background_slideshow_gallery&quot;:[{&quot;id&quot;:1404,&quot;url&quot;:&quot;https:\\\/\\\/gaviaspreview.com\\\/wp\\\/sominx\\\/wp-content\\\/uploads\\\/2022\\\/03\\\/breadcrumb-2.jpg&quot;},{&quot;id&quot;:1008,&quot;url&quot;:&quot;https:\\\/\\\/gaviaspreview.com\\\/wp\\\/sominx\\\/wp-content\\\/uploads\\\/2021\\\/10\\\/breadcrumb.jpg&quot;}],&quot;background_slideshow_ken_burns&quot;:&quot;yes&quot;,&quot;background_slideshow_loop&quot;:&quot;yes&quot;,&quot;background_slideshow_slide_duration&quot;:5000,&quot;background_slideshow_slide_transition&quot;:&quot;fade&quot;,&quot;background_slideshow_transition_duration&quot;:500,&quot;background_slideshow_ken_burns_zoom_direction&quot;:&quot;in&quot;}\">\n\t\t\t\t\t\t\t<div class=\"elementor-background-overlay\"><\/div>\n\t\t\t\t\t\t\t<div class=\"elementor-container elementor-column-gap-default\">\n\t\t\t\t\t<div class=\"elementor-column elementor-col-100 elementor-top-column elementor-element elementor-element-6d1fc4f\" data-id=\"6d1fc4f\" data-element_type=\"column\">\n\t\t\t<div class=\"elementor-widget-wrap elementor-element-populated\">\n\t\t\t\t\t\t<div class=\"elementor-element elementor-element-ab03e16 elementor-widget elementor-widget-gva_post_breadcrumb\" data-id=\"ab03e16\" data-element_type=\"widget\" data-widget_type=\"gva_post_breadcrumb.default\">\n\t\t\t\t<div class=\"elementor-widget-container\">\n\t\t\t\t\t<div class=\"gva-element-gva_post_breadcrumb gva-element\">   \r\n<div class=\"post-breadcrumb\">\r\n   <div class=\"custom-breadcrumb \" >\r\n            <div class=\"breadcrumb-main\">\r\n        <div class=\"container\">\r\n          <div class=\"breadcrumb-container-inner\">\r\n            <h2 class=\"heading-title\">Sobre n\u00f3s<\/h2><ol class=\"breadcrumb\"><li><a href=\"http:\/\/grupoesocial.com.br\/novosite\">Home<\/a> <\/li> <li class=\"active\">P\u00e1gina<\/li><\/ol>          <\/div>  \r\n        <\/div>   \r\n      <\/div>  \r\n   <\/div>\r\n<\/div>      \r\n\r\n<\/div>\t\t\t\t<\/div>\n\t\t\t\t<\/div>\n\t\t\t\t\t<\/div>\n\t\t<\/div>\n\t\t\t\t\t<\/div>\n\t\t<\/section>\n\t\t\t\t<section class=\"elementor-section elementor-top-section elementor-element elementor-element-cfe9709 elementor-section-boxed elementor-section-height-default elementor-section-height-default\" data-id=\"cfe9709\" data-element_type=\"section\">\n\t\t\t\t\t\t<div class=\"elementor-container elementor-column-gap-default\">\n\t\t\t\t\t<div class=\"elementor-column elementor-col-50 elementor-top-column elementor-element elementor-element-b600727\" data-id=\"b600727\" data-element_type=\"column\">\n\t\t\t<div class=\"elementor-widget-wrap elementor-element-populated\">\n\t\t\t\t\t\t<div class=\"elementor-element elementor-element-3ce9dddb elementor-widget elementor-widget-gva-heading-block\" data-id=\"3ce9dddb\" data-element_type=\"widget\" data-widget_type=\"gva-heading-block.default\">\n\t\t\t\t<div class=\"elementor-widget-container\">\n\t\t\t\t\t<div class=\"gva-element-gva-heading-block gva-element\">   <div class=\"align-left style-3 widget gsc-heading box-align-left auto-responsive\">\r\n      <div class=\"content-inner\">\r\n         \r\n         \r\n                     <div class=\"sub-title\">\r\n               <span class=\"tagline\">O Grupo ESocial atua na<\/span> \r\n            <\/div>\r\n           \r\n         \r\n                     <h2 class=\"title\">\r\n               <span>Implanta\u00e7\u00e3o de servi\u00e7os socioassistenciais em parceria com o poder p\u00fablico e privado desde 2008.\n<\/span>\r\n            <\/h2>\r\n                              <div class=\"title-desc\">Em 2025 chegamos a marca de mais de 2,5 milh\u00f5es de atendimentos em todo o Brasil e em diversas \u00e1reas, como: A\u00e7\u00f5es de gera\u00e7\u00e3o de renda, Gastronomia, Rob\u00f3tica, Constru\u00e7\u00e3o Civil, Beleza, Est\u00e9tica, Servi\u00e7os de Sa\u00fade. \n\nCom muito trabalho e dedica\u00e7\u00e3o a quem mais precisa, nos tornamos a maior gerenciadora de projetos impacto sociais do Brasil, conectando recursos e oportunidades educacionais e econ\u00f4micas.\n<\/div>\r\n         \r\n         \r\n      <\/div>\r\n   <\/div>\r\n<\/div>\t\t\t\t<\/div>\n\t\t\t\t<\/div>\n\t\t\t\t<div class=\"elementor-element elementor-element-84dafd8 elementor-widget elementor-widget-html\" data-id=\"84dafd8\" data-element_type=\"widget\" data-widget_type=\"html.default\">\n\t\t\t\t\t<a class=\"btn-black\" href=\"http:\/\/grupoesocial.com.br\/novosite\/?page_id=161\" target=\"_blank\">\n    <span class=\"btn-text\">Descubra Mais<\/span>\n<\/a>\t\t\t\t<\/div>\n\t\t\t\t\t<\/div>\n\t\t<\/div>\n\t\t\t\t<div class=\"elementor-column elementor-col-50 elementor-top-column elementor-element elementor-element-bdc7059\" data-id=\"bdc7059\" data-element_type=\"column\">\n\t\t\t<div class=\"elementor-widget-wrap elementor-element-populated\">\n\t\t\t\t\t\t<div class=\"elementor-element elementor-element-c8d5d81 elementor-widget elementor-widget-image\" data-id=\"c8d5d81\" data-element_type=\"widget\" data-widget_type=\"image.default\">\n\t\t\t\t\t\t\t\t\t\t\t\t\t\t\t<img fetchpriority=\"high\" decoding=\"async\" width=\"596\" height=\"481\" src=\"http:\/\/grupoesocial.com.br\/novosite\/wp-content\/uploads\/2025\/08\/unnamed.jpg\" class=\"attachment-full size-full wp-image-1584\" alt=\"\" \/>\t\t\t\t\t\t\t\t\t\t\t\t\t\t\t<\/div>\n\t\t\t\t\t<\/div>\n\t\t<\/div>\n\t\t\t\t\t<\/div>\n\t\t<\/section>\n\t\t\t\t<section class=\"elementor-section elementor-top-section elementor-element elementor-element-6cc0cdc elementor-section-boxed elementor-section-height-default elementor-section-height-default\" data-id=\"6cc0cdc\" data-element_type=\"section\" data-settings=\"{&quot;background_background&quot;:&quot;classic&quot;,&quot;shape_divider_top&quot;:&quot;arrow&quot;}\">\n\t\t\t\t\t\t\t<div class=\"elementor-background-overlay\"><\/div>\n\t\t\t\t\t\t<div class=\"elementor-shape elementor-shape-top\" aria-hidden=\"true\" data-negative=\"false\">\n\t\t\t<svg xmlns=\"http:\/\/www.w3.org\/2000\/svg\" viewBox=\"0 0 700 10\" preserveAspectRatio=\"none\">\n\t<path class=\"elementor-shape-fill\" d=\"M350,10L340,0h20L350,10z\"\/>\n<\/svg>\t\t<\/div>\n\t\t\t\t\t<div class=\"elementor-container elementor-column-gap-default\">\n\t\t\t\t\t<div class=\"elementor-column elementor-col-100 elementor-top-column elementor-element elementor-element-c824d0d\" data-id=\"c824d0d\" data-element_type=\"column\">\n\t\t\t<div class=\"elementor-widget-wrap elementor-element-populated\">\n\t\t\t\t\t\t<div class=\"elementor-element elementor-element-6914079 elementor-widget elementor-widget-heading\" data-id=\"6914079\" data-element_type=\"widget\" data-widget_type=\"heading.default\">\n\t\t\t\t\t<h2 class=\"elementor-heading-title elementor-size-default\">Despertando Talentos<br>\nTransformando Vidas<\/h2>\t\t\t\t<\/div>\n\t\t\t\t<div class=\"elementor-element elementor-element-569173e elementor-widget elementor-widget-gva-video-box\" data-id=\"569173e\" data-element_type=\"widget\" data-widget_type=\"gva-video-box.default\">\n\t\t\t\t<div class=\"elementor-widget-container\">\n\t\t\t\t\t<div class=\"gva-element-gva-video-box gva-element\">\r\n         <div class=\"widget gsc-video-box clearfix style-1\">\r\n         <div class=\"video-inner\">\r\n               \r\n\r\n            <div class=\"video-content\">\r\n               <div class=\"video-action\">\r\n                                       <a href=\"https:\/\/www.youtube.com\/watch?v=aKJQF26Y4QM\" class=\"popup-video\"><span><i class=\"fa fa-play\"><\/i><\/span><\/a>\r\n                    \r\n               <\/div>   \r\n            <\/div>    \r\n         <\/div>\r\n      <\/div> \r\n   \r\n   \r\n \r\n \r\n<\/div>\t\t\t\t<\/div>\n\t\t\t\t<\/div>\n\t\t\t\t\t<\/div>\n\t\t<\/div>\n\t\t\t\t\t<\/div>\n\t\t<\/section>\n\t\t\t\t<section class=\"elementor-section elementor-top-section elementor-element elementor-element-fd4a730 elementor-section-boxed elementor-section-height-default elementor-section-height-default\" data-id=\"fd4a730\" data-element_type=\"section\">\n\t\t\t\t\t\t<div class=\"elementor-container elementor-column-gap-default\">\n\t\t\t\t\t<div class=\"elementor-column elementor-col-100 elementor-top-column elementor-element elementor-element-7988cf0\" data-id=\"7988cf0\" data-element_type=\"column\">\n\t\t\t<div class=\"elementor-widget-wrap elementor-element-populated\">\n\t\t\t\t\t\t<div class=\"elementor-element elementor-element-475f9f8 elementor-widget elementor-widget-gva-content-carousel\" data-id=\"475f9f8\" data-element_type=\"widget\" data-widget_type=\"gva-content-carousel.default\">\n\t\t\t\t<div class=\"elementor-widget-container\">\n\t\t\t\t\t<div class=\"gva-element-gva-content-carousel gva-element\">\r\n<div class=\"gsc-content-carousel swiper-slider-wrapper\">\r\n   <div class=\"swiper-content-inner\">\r\n      <div class=\"init-carousel-swiper swiper\" data-carousel=\"{&quot;items&quot;:1,&quot;items_lg&quot;:1,&quot;items_md&quot;:1,&quot;items_sm&quot;:1,&quot;items_xs&quot;:1,&quot;items_xx&quot;:1,&quot;effect&quot;:&quot;slide&quot;,&quot;space_between&quot;:20,&quot;loop&quot;:1,&quot;speed&quot;:600,&quot;autoplay&quot;:1,&quot;autoplay_delay&quot;:4500,&quot;autoplay_hover&quot;:1,&quot;navigation&quot;:0,&quot;pagination&quot;:0,&quot;dynamic_bullets&quot;:0,&quot;pagination_type&quot;:&quot;bullets&quot;}\">\r\n         <div class=\"swiper-wrapper\">\r\n                           <div class=\"swiper-slide\">\r\n                  <div class=\"item-content\">\r\n                     <div class=\"item-content-inner\">\r\n                                                   <div class=\"box-image\">\r\n                              <div class=\"image-content\">\r\n                                 <img decoding=\"async\" src=\"http:\/\/grupoesocial.com.br\/novosite\/wp-content\/uploads\/2025\/08\/grupo_esocial_4-1.jpg\" alt=\"Richard Manuel\"\/>\r\n                              <\/div>\r\n                           <\/div>\r\n                                                <div class=\"box-content\">\r\n                           <div class=\"gsc-heading\">\r\n                              <div class=\"sub-title\"><span class=\"tagline\">Principais Hist\u00f3rias<\/span><\/div>                              <h2 class=\"title\">Richard Manuel<\/h2>   \r\n                              <div class=\"title-desc\">Uma vida inteira dedicada \u00e0 transforma\u00e7\u00e3o da vida das pessoas, e no despertar do  talento que cada um tem dentro de si. Richard vem criando um  ecossistema que une prop\u00f3sito, inova\u00e7\u00e3o e escala para transformar o Brasil com foco em justi\u00e7a social e efici\u00eancia p\u00fablica.<br><br>\nRefer\u00eancia em gest\u00e3o de impacto social carrega o lema:\n<b>\u201cQuando o  social \u00e9 levado a s\u00e9rio\t\t\t\t\t\t\na Transforma\u00e7\u00e3o \u00e9 inevit\u00e1vel.\u201d<\/b><br><br>\nQuer saber mais sobre n\u00f3s?\nEntre em contato conosco atrav\u00e9s do Whatsapp\n\n<\/div>                                                               <div class=\"read-more\">\r\n                                    \t\t  <a href=\"https:\/\/api.whatsapp.com\/send\/?phone=5511995410291&amp;text&amp;type=phone_number&amp;app_absent=0\" class=\"btn-border\" target=\"_blank\">\r\n\t\t\t WhatsApp\t\t  <\/a>\r\n\t\t                                   <\/div>\r\n                              \r\n                           <\/div>\r\n                        <\/div>\r\n                     <\/div>   \r\n                  <\/div>\r\n               <\/div>\r\n                     <\/div>\r\n      <\/div>\r\n   <\/div>   \r\n   <div class=\"swiper-pagination\"><\/div>   <\/div>\r\n<\/div>\t\t\t\t<\/div>\n\t\t\t\t<\/div>\n\t\t\t\t\t<\/div>\n\t\t<\/div>\n\t\t\t\t\t<\/div>\n\t\t<\/section>\n\t\t\t\t<section class=\"elementor-section elementor-top-section elementor-element elementor-element-c9535b0 elementor-section-boxed elementor-section-height-default elementor-section-height-default\" data-id=\"c9535b0\" data-element_type=\"section\">\n\t\t\t\t\t\t<div class=\"elementor-container elementor-column-gap-no\">\n\t\t\t\t\t<div class=\"elementor-column elementor-col-100 elementor-top-column elementor-element elementor-element-da4d54a\" data-id=\"da4d54a\" data-element_type=\"column\">\n\t\t\t<div class=\"elementor-widget-wrap elementor-element-populated\">\n\t\t\t\t\t\t<div class=\"elementor-element elementor-element-cc77d5b elementor-widget elementor-widget-gva-brand\" data-id=\"cc77d5b\" data-element_type=\"widget\" data-widget_type=\"gva-brand.default\">\n\t\t\t\t<div class=\"elementor-widget-container\">\n\t\t\t\t\t<div class=\"gva-element-gva-brand gva-element\">\r\n<div class=\"gva-brand-carousel style-1 \">\r\n   <div class=\"swiper-content-inner\">\r\n      <div class=\"init-carousel-swiper swiper\" data-carousel=\"{&quot;items&quot;:5,&quot;items_lg&quot;:5,&quot;items_md&quot;:4,&quot;items_sm&quot;:3,&quot;items_xs&quot;:2,&quot;items_xx&quot;:2,&quot;effect&quot;:&quot;slide&quot;,&quot;space_between&quot;:30,&quot;loop&quot;:1,&quot;speed&quot;:600,&quot;autoplay&quot;:1,&quot;autoplay_delay&quot;:4500,&quot;autoplay_hover&quot;:1,&quot;navigation&quot;:1,&quot;pagination&quot;:0,&quot;dynamic_bullets&quot;:0,&quot;pagination_type&quot;:&quot;bullets&quot;}\">\r\n         <div class=\"swiper-wrapper\">\r\n            \r\n            <div class=\"swiper-slide item brand-item\"><div class=\"brand-item-content\"><div class=\"brand-item-image\"><img decoding=\"async\" src=\"http:\/\/grupoesocial.com.br\/novosite\/wp-content\/uploads\/2025\/08\/Gov-Brasil.png\" alt=\"\" class=\"brand-img\"\/><\/div><\/div><\/div><div class=\"swiper-slide item brand-item\"><div class=\"brand-item-content\"><div class=\"brand-item-image\"><img decoding=\"async\" src=\"http:\/\/grupoesocial.com.br\/novosite\/wp-content\/uploads\/2025\/08\/Gov-Sao-Paulo.png\" alt=\"\" class=\"brand-img\"\/><\/div><\/div><\/div><div class=\"swiper-slide item brand-item\"><div class=\"brand-item-content\"><div class=\"brand-item-image\"><img decoding=\"async\" src=\"http:\/\/grupoesocial.com.br\/novosite\/wp-content\/uploads\/2025\/08\/Gov-Rio.png\" alt=\"\" class=\"brand-img\"\/><\/div><\/div><\/div><div class=\"swiper-slide item brand-item\"><div class=\"brand-item-content\"><div class=\"brand-item-image\"><img decoding=\"async\" src=\"http:\/\/grupoesocial.com.br\/novosite\/wp-content\/uploads\/2025\/08\/Gov-Salvador.png\" alt=\"\" class=\"brand-img\"\/><\/div><\/div><\/div><div class=\"swiper-slide item brand-item\"><div class=\"brand-item-content\"><div class=\"brand-item-image\"><img decoding=\"async\" src=\"http:\/\/grupoesocial.com.br\/novosite\/wp-content\/uploads\/2025\/08\/Gov-Parana.png\" alt=\"\" class=\"brand-img\"\/><\/div><\/div><\/div><div class=\"swiper-slide item brand-item\"><div class=\"brand-item-content\"><div class=\"brand-item-image\"><img decoding=\"async\" src=\"http:\/\/grupoesocial.com.br\/novosite\/wp-content\/uploads\/2025\/08\/Gov-Curitiba.png\" alt=\"\" class=\"brand-img\"\/><\/div><\/div><\/div><div class=\"swiper-slide item brand-item\"><div class=\"brand-item-content\"><div class=\"brand-item-image\"><img decoding=\"async\" src=\"http:\/\/grupoesocial.com.br\/novosite\/wp-content\/uploads\/2025\/08\/Gov-Guarulhos.png\" alt=\"\" class=\"brand-img\"\/><\/div><\/div><\/div><div class=\"swiper-slide item brand-item\"><div class=\"brand-item-content\"><div class=\"brand-item-image\"><img decoding=\"async\" src=\"http:\/\/grupoesocial.com.br\/novosite\/wp-content\/uploads\/2025\/08\/Gov-Cascavel.png\" alt=\"\" class=\"brand-img\"\/><\/div><\/div><\/div><div class=\"swiper-slide item brand-item\"><div class=\"brand-item-content\"><div class=\"brand-item-image\"><img decoding=\"async\" src=\"http:\/\/grupoesocial.com.br\/novosite\/wp-content\/uploads\/2025\/08\/Gov-Ponta-Grossa.png\" alt=\"\" class=\"brand-img\"\/><\/div><\/div><\/div><div class=\"swiper-slide item brand-item\"><div class=\"brand-item-content\"><div class=\"brand-item-image\"><img decoding=\"async\" src=\"http:\/\/grupoesocial.com.br\/novosite\/wp-content\/uploads\/2025\/08\/Gov-Itaipu.png\" alt=\"\" class=\"brand-img\"\/><\/div><\/div><\/div><div class=\"swiper-slide item brand-item\"><div class=\"brand-item-content\"><div class=\"brand-item-image\"><img decoding=\"async\" src=\"http:\/\/grupoesocial.com.br\/novosite\/wp-content\/uploads\/2025\/08\/Gov-Proluminas.png\" alt=\"\" class=\"brand-img\"\/><\/div><\/div><\/div><div class=\"swiper-slide item brand-item\"><div class=\"brand-item-content\"><div class=\"brand-item-image\"><img decoding=\"async\" src=\"http:\/\/grupoesocial.com.br\/novosite\/wp-content\/uploads\/2025\/08\/Gov-CIESP.png\" alt=\"\" class=\"brand-img\"\/><\/div><\/div><\/div><div class=\"swiper-slide item brand-item\"><div class=\"brand-item-content\"><div class=\"brand-item-image\"><img decoding=\"async\" src=\"http:\/\/grupoesocial.com.br\/novosite\/wp-content\/uploads\/2025\/08\/Gov-USP.png\" alt=\"\" class=\"brand-img\"\/><\/div><\/div><\/div><div class=\"swiper-slide item brand-item\"><div class=\"brand-item-content\"><div class=\"brand-item-image\"><img decoding=\"async\" src=\"http:\/\/grupoesocial.com.br\/novosite\/wp-content\/uploads\/2025\/08\/Gov-Santana-de-Parnaiba.png\" alt=\"\" class=\"brand-img\"\/><\/div><\/div><\/div><div class=\"swiper-slide item brand-item\"><div class=\"brand-item-content\"><div class=\"brand-item-image\"><img decoding=\"async\" src=\"http:\/\/grupoesocial.com.br\/novosite\/wp-content\/uploads\/2025\/08\/Gov-Francisco-Morato.png\" alt=\"\" class=\"brand-img\"\/><\/div><\/div><\/div><div class=\"swiper-slide item brand-item\"><div class=\"brand-item-content\"><div class=\"brand-item-image\"><img decoding=\"async\" src=\"http:\/\/grupoesocial.com.br\/novosite\/wp-content\/uploads\/2025\/08\/Gov-Barueri.png\" alt=\"\" class=\"brand-img\"\/><\/div><\/div><\/div><div class=\"swiper-slide item brand-item\"><div class=\"brand-item-content\"><div class=\"brand-item-image\"><img decoding=\"async\" src=\"http:\/\/grupoesocial.com.br\/novosite\/wp-content\/uploads\/2025\/08\/Gov-Vargem-Grande-Paulista.png\" alt=\"\" class=\"brand-img\"\/><\/div><\/div><\/div><div class=\"swiper-slide item brand-item\"><div class=\"brand-item-content\"><div class=\"brand-item-image\"><img decoding=\"async\" src=\"http:\/\/grupoesocial.com.br\/novosite\/wp-content\/uploads\/2025\/08\/Gov-Cotia.png\" alt=\"\" class=\"brand-img\"\/><\/div><\/div><\/div><div class=\"swiper-slide item brand-item\"><div class=\"brand-item-content\"><div class=\"brand-item-image\"><img decoding=\"async\" src=\"http:\/\/grupoesocial.com.br\/novosite\/wp-content\/uploads\/2025\/08\/Gov-Guararema.png\" alt=\"\" class=\"brand-img\"\/><\/div><\/div><\/div><div class=\"swiper-slide item brand-item\"><div class=\"brand-item-content\"><div class=\"brand-item-image\"><img decoding=\"async\" src=\"http:\/\/grupoesocial.com.br\/novosite\/wp-content\/uploads\/2025\/08\/Gov-Osasco.png\" alt=\"\" class=\"brand-img\"\/><\/div><\/div><\/div><div class=\"swiper-slide item brand-item\"><div class=\"brand-item-content\"><div class=\"brand-item-image\"><img decoding=\"async\" src=\"http:\/\/grupoesocial.com.br\/novosite\/wp-content\/uploads\/2025\/08\/Gov-Suzano.png\" alt=\"\" class=\"brand-img\"\/><\/div><\/div><\/div><div class=\"swiper-slide item brand-item\"><div class=\"brand-item-content\"><div class=\"brand-item-image\"><img decoding=\"async\" src=\"http:\/\/grupoesocial.com.br\/novosite\/wp-content\/uploads\/2025\/08\/Gov-Praia-Grande.png\" alt=\"\" class=\"brand-img\"\/><\/div><\/div><\/div><div class=\"swiper-slide item brand-item\"><div class=\"brand-item-content\"><div class=\"brand-item-image\"><img decoding=\"async\" src=\"http:\/\/grupoesocial.com.br\/novosite\/wp-content\/uploads\/2025\/08\/Gov-Franco-da-Rocha.png\" alt=\"\" class=\"brand-img\"\/><\/div><\/div><\/div><div class=\"swiper-slide item brand-item\"><div class=\"brand-item-content\"><div class=\"brand-item-image\"><img decoding=\"async\" src=\"http:\/\/grupoesocial.com.br\/novosite\/wp-content\/uploads\/2025\/08\/Gov-Cerqueira-Cesar.png\" alt=\"\" class=\"brand-img\"\/><\/div><\/div><\/div><div class=\"swiper-slide item brand-item\"><div class=\"brand-item-content\"><div class=\"brand-item-image\"><img decoding=\"async\" src=\"http:\/\/grupoesocial.com.br\/novosite\/wp-content\/uploads\/2025\/08\/Gov-Caieiras.png\" alt=\"\" class=\"brand-img\"\/><\/div><\/div><\/div><div class=\"swiper-slide item brand-item\"><div class=\"brand-item-content\"><div class=\"brand-item-image\"><img decoding=\"async\" src=\"http:\/\/grupoesocial.com.br\/novosite\/wp-content\/uploads\/2025\/08\/Gov-Jandira.png\" alt=\"\" class=\"brand-img\"\/><\/div><\/div><\/div><div class=\"swiper-slide item brand-item\"><div class=\"brand-item-content\"><div class=\"brand-item-image\"><img decoding=\"async\" src=\"http:\/\/grupoesocial.com.br\/novosite\/wp-content\/uploads\/2025\/08\/Gov-Mairipora.png\" alt=\"\" class=\"brand-img\"\/><\/div><\/div><\/div><div class=\"swiper-slide item brand-item\"><div class=\"brand-item-content\"><div class=\"brand-item-image\"><img decoding=\"async\" src=\"http:\/\/grupoesocial.com.br\/novosite\/wp-content\/uploads\/2025\/08\/Gov-Mairinque.png\" alt=\"\" class=\"brand-img\"\/><\/div><\/div><\/div><div class=\"swiper-slide item brand-item\"><div class=\"brand-item-content\"><div class=\"brand-item-image\"><img decoding=\"async\" src=\"http:\/\/grupoesocial.com.br\/novosite\/wp-content\/uploads\/2025\/08\/Gov-Taboao-da-Serra.png\" alt=\"\" class=\"brand-img\"\/><\/div><\/div><\/div><div class=\"swiper-slide item brand-item\"><div class=\"brand-item-content\"><div class=\"brand-item-image\"><img decoding=\"async\" src=\"http:\/\/grupoesocial.com.br\/novosite\/wp-content\/uploads\/2025\/08\/Gov-Tiete.png\" alt=\"\" class=\"brand-img\"\/><\/div><\/div><\/div><div class=\"swiper-slide item brand-item\"><div class=\"brand-item-content\"><div class=\"brand-item-image\"><img decoding=\"async\" src=\"http:\/\/grupoesocial.com.br\/novosite\/wp-content\/uploads\/2025\/08\/Gov-Varzea-Paulista.png\" alt=\"\" class=\"brand-img\"\/><\/div><\/div><\/div><div class=\"swiper-slide item brand-item\"><div class=\"brand-item-content\"><div class=\"brand-item-image\"><img decoding=\"async\" src=\"http:\/\/grupoesocial.com.br\/novosite\/wp-content\/uploads\/2025\/08\/Gov-Bauru.png\" alt=\"\" class=\"brand-img\"\/><\/div><\/div><\/div><div class=\"swiper-slide item brand-item\"><div class=\"brand-item-content\"><div class=\"brand-item-image\"><img decoding=\"async\" src=\"http:\/\/grupoesocial.com.br\/novosite\/wp-content\/uploads\/2025\/08\/Gov-Amparo.png\" alt=\"\" class=\"brand-img\"\/><\/div><\/div><\/div><div class=\"swiper-slide item brand-item\"><div class=\"brand-item-content\"><div class=\"brand-item-image\"><img decoding=\"async\" src=\"http:\/\/grupoesocial.com.br\/novosite\/wp-content\/uploads\/2025\/08\/Gov-Piracaia.png\" alt=\"\" class=\"brand-img\"\/><\/div><\/div><\/div><div class=\"swiper-slide item brand-item\"><div class=\"brand-item-content\"><div class=\"brand-item-image\"><img decoding=\"async\" src=\"http:\/\/grupoesocial.com.br\/novosite\/wp-content\/uploads\/2025\/08\/Gov-Carapicuiba.png\" alt=\"\" class=\"brand-img\"\/><\/div><\/div><\/div><div class=\"swiper-slide item brand-item\"><div class=\"brand-item-content\"><div class=\"brand-item-image\"><img decoding=\"async\" src=\"http:\/\/grupoesocial.com.br\/novosite\/wp-content\/uploads\/2025\/08\/Gov-Mogi-das-Cruzes.png\" alt=\"\" class=\"brand-img\"\/><\/div><\/div><\/div><div class=\"swiper-slide item brand-item\"><div class=\"brand-item-content\"><div class=\"brand-item-image\"><img decoding=\"async\" src=\"http:\/\/grupoesocial.com.br\/novosite\/wp-content\/uploads\/2025\/08\/Gov-Santa-Cruz-do-Rio-Pardo.png\" alt=\"\" class=\"brand-img\"\/><\/div><\/div><\/div><div class=\"swiper-slide item brand-item\"><div class=\"brand-item-content\"><div class=\"brand-item-image\"><img decoding=\"async\" src=\"http:\/\/grupoesocial.com.br\/novosite\/wp-content\/uploads\/2025\/08\/Gov-Ferras-de-Vasconcelos.png\" alt=\"\" class=\"brand-img\"\/><\/div><\/div><\/div><div class=\"swiper-slide item brand-item\"><div class=\"brand-item-content\"><div class=\"brand-item-image\"><img decoding=\"async\" src=\"http:\/\/grupoesocial.com.br\/novosite\/wp-content\/uploads\/2025\/08\/Gov-Piraquara.png\" alt=\"\" class=\"brand-img\"\/><\/div><\/div><\/div><div class=\"swiper-slide item brand-item\"><div class=\"brand-item-content\"><div class=\"brand-item-image\"><img decoding=\"async\" src=\"http:\/\/grupoesocial.com.br\/novosite\/wp-content\/uploads\/2025\/08\/Gov-Campo-Limpo-Paulista.png\" alt=\"\" class=\"brand-img\"\/><\/div><\/div><\/div>\r\n         <\/div>\r\n      <\/div>   \r\n   <\/div>\r\n   <div class=\"swiper-pagination\"><\/div>   <div class=\"swiper-nav-next\"><\/div><div class=\"swiper-nav-prev\"><\/div><\/div>\r\n<\/div>\t\t\t\t<\/div>\n\t\t\t\t<\/div>\n\t\t\t\t\t<\/div>\n\t\t<\/div>\n\t\t\t\t\t<\/div>\n\t\t<\/section>\n\t\t\t\t<\/div>\n\t\t","protected":false},"excerpt":{"rendered":"<p>Sobre n\u00f3s Home P\u00e1gina O Grupo ESocial atua na Implanta\u00e7\u00e3o de servi\u00e7os socioassistenciais em parceria com o poder p\u00fablico e privado desde 2008. Em 2025 chegamos a marca de mais [&hellip;]<\/p>\n","protected":false},"author":1,"featured_media":0,"parent":0,"menu_order":0,"comment_status":"closed","ping_status":"closed","template":"","meta":{"footnotes":""},"class_list":["post-21","page","type-page","status-publish","hentry"],"_links":{"self":[{"href":"http:\/\/grupoesocial.com.br\/novosite\/wp-json\/wp\/v2\/pages\/21","targetHints":{"allow":["GET"]}}],"collection":[{"href":"http:\/\/grupoesocial.com.br\/novosite\/wp-json\/wp\/v2\/pages"}],"about":[{"href":"http:\/\/grupoesocial.com.br\/novosite\/wp-json\/wp\/v2\/types\/page"}],"author":[{"embeddable":true,"href":"http:\/\/grupoesocial.com.br\/novosite\/wp-json\/wp\/v2\/users\/1"}],"replies":[{"embeddable":true,"href":"http:\/\/grupoesocial.com.br\/novosite\/wp-json\/wp\/v2\/comments?post=21"}],"version-history":[{"count":40,"href":"http:\/\/grupoesocial.com.br\/novosite\/wp-json\/wp\/v2\/pages\/21\/revisions"}],"predecessor-version":[{"id":1762,"href":"http:\/\/grupoesocial.com.br\/novosite\/wp-json\/wp\/v2\/pages\/21\/revisions\/1762"}],"wp:attachment":[{"href":"http:\/\/grupoesocial.com.br\/novosite\/wp-json\/wp\/v2\/media?parent=21"}],"curies":[{"name":"wp","href":"https:\/\/api.w.org\/{rel}","templated":true}]}}